{"id":1874,"date":"2020-10-03T00:46:38","date_gmt":"2020-10-03T00:46:38","guid":{"rendered":"http:\/\/hexagon-pariz.com\/?page_id=1874"},"modified":"2023-02-18T14:35:34","modified_gmt":"2023-02-18T12:35:34","slug":"pariz-francija-znamenitosti-obisk-newsletter","status":"publish","type":"page","link":"https:\/\/hexagon-pariz.com\/?page_id=1874","title":{"rendered":"Newsletter"},"content":{"rendered":"<p>V obrazec na desni strani lahko vnesete svoj naslov in boste po po\u0161ti obve\u0161\u010deni o vsaki novi objavi.<\/p>\n<p>Tema \u010dlankov je opis znamenitosti Pariza in krajev po Franciji.<\/p>\n<p>Vabljeni, da nam sledite tudi na Instagramu<\/p>\n<p>@heksagonpariz<\/p>\n","protected":false},"excerpt":{"rendered":"<p>V obrazec na desni strani lahko vnesete svoj naslov in boste po po\u0161ti obve\u0161\u010deni o vsaki novi objavi. Tema \u010dlankov<\/p>\n","protected":false},"author":1,"featured_media":0,"parent":0,"menu_order":0,"comment_status":"closed","ping_status":"closed","template":"","meta":{"nf_dc_page":"","_editorskit_title_hidden":false,"_editorskit_reading_time":0,"_editorskit_is_block_options_detached":false,"_editorskit_block_options_position":"{}","_coblocks_attr":"","_coblocks_dimensions":"","_coblocks_responsive_height":"","_coblocks_accordion_ie_support":"","_monsterinsights_skip_tracking":false,"_monsterinsights_sitenote_active":false,"_monsterinsights_sitenote_note":"","_monsterinsights_sitenote_category":0,"footnotes":""},"class_list":["post-1874","page","type-page","status-publish","hentry"],"yoast_head":"<!-- This site is optimized with the Yoast SEO plugin v27.4 - https:\/\/yoast.com\/product\/yoast-seo-wordpress\/ -->\n<title>Newsletter - Heksagon Pariz - Znamenitosti Pariza in Francije<\/title>\n<meta name=\"description\" content=\"Opis znamenitosti, obiski Pariza in sprehod po Franciji. Prejemajte obvestila o novi vsebini po elektronski po\u0161ti.\" \/>\n<meta name=\"robots\" content=\"index, follow, max-snippet:-1, max-image-preview:large, max-video-preview:-1\" \/>\n<link rel=\"canonical\" href=\"https:\/\/hexagon-pariz.com\/?page_id=1874\" \/>\n<meta property=\"og:locale\" content=\"sl_SI\" \/>\n<meta property=\"og:type\" content=\"article\" \/>\n<meta property=\"og:title\" content=\"Newsletter - Heksagon Pariz - Znamenitosti Pariza in Francije\" \/>\n<meta property=\"og:description\" content=\"Opis znamenitosti, obiski Pariza in sprehod po Franciji. Prejemajte obvestila o novi vsebini po elektronski po\u0161ti.\" \/>\n<meta property=\"og:url\" content=\"https:\/\/hexagon-pariz.com\/?page_id=1874\" \/>\n<meta property=\"og:site_name\" content=\"Heksagon Pariz\" \/>\n<meta property=\"article:modified_time\" content=\"2023-02-18T12:35:34+00:00\" \/>\n<meta name=\"twitter:card\" content=\"summary_large_image\" \/>\n<meta name=\"twitter:label1\" content=\"Est. reading time\" \/>\n\t<meta name=\"twitter:data1\" content=\"1 minuta\" \/>\n<script type=\"application\/ld+json\" class=\"yoast-schema-graph\">{\"@context\":\"https:\\\/\\\/schema.org\",\"@graph\":[{\"@type\":\"WebPage\",\"@id\":\"https:\\\/\\\/hexagon-pariz.com\\\/?page_id=1874\",\"url\":\"https:\\\/\\\/hexagon-pariz.com\\\/?page_id=1874\",\"name\":\"Newsletter - Heksagon Pariz - Znamenitosti Pariza in Francije\",\"isPartOf\":{\"@id\":\"https:\\\/\\\/hexagon-pariz.com\\\/#website\"},\"datePublished\":\"2020-10-03T00:46:38+00:00\",\"dateModified\":\"2023-02-18T12:35:34+00:00\",\"description\":\"Opis znamenitosti, obiski Pariza in sprehod po Franciji. Prejemajte obvestila o novi vsebini po elektronski po\u0161ti.\",\"breadcrumb\":{\"@id\":\"https:\\\/\\\/hexagon-pariz.com\\\/?page_id=1874#breadcrumb\"},\"inLanguage\":\"sl-SI\",\"potentialAction\":[{\"@type\":\"ReadAction\",\"target\":[\"https:\\\/\\\/hexagon-pariz.com\\\/?page_id=1874\"]}]},{\"@type\":\"BreadcrumbList\",\"@id\":\"https:\\\/\\\/hexagon-pariz.com\\\/?page_id=1874#breadcrumb\",\"itemListElement\":[{\"@type\":\"ListItem\",\"position\":1,\"name\":\"Home\",\"item\":\"https:\\\/\\\/hexagon-pariz.com\\\/\"},{\"@type\":\"ListItem\",\"position\":2,\"name\":\"Newsletter\"}]},{\"@type\":\"WebSite\",\"@id\":\"https:\\\/\\\/hexagon-pariz.com\\\/#website\",\"url\":\"https:\\\/\\\/hexagon-pariz.com\\\/\",\"name\":\"Heksagon-znamenitosti Pariza in Francije\",\"description\":\"Ogledi Pariza, njegove okolice in celotne Francije.\",\"publisher\":{\"@id\":\"https:\\\/\\\/hexagon-pariz.com\\\/#\\\/schema\\\/person\\\/f785d518178deb3571461c3d81e74981\"},\"potentialAction\":[{\"@type\":\"SearchAction\",\"target\":{\"@type\":\"EntryPoint\",\"urlTemplate\":\"https:\\\/\\\/hexagon-pariz.com\\\/?s={search_term_string}\"},\"query-input\":{\"@type\":\"PropertyValueSpecification\",\"valueRequired\":true,\"valueName\":\"search_term_string\"}}],\"inLanguage\":\"sl-SI\"},{\"@type\":[\"Person\",\"Organization\"],\"@id\":\"https:\\\/\\\/hexagon-pariz.com\\\/#\\\/schema\\\/person\\\/f785d518178deb3571461c3d81e74981\",\"name\":\"lutetia789\",\"image\":{\"@type\":\"ImageObject\",\"inLanguage\":\"sl-SI\",\"@id\":\"https:\\\/\\\/secure.gravatar.com\\\/avatar\\\/584677b848a6e52ad00126109eed0d2d0d9da5d7b69924fce36b2d0d28f19c2c?s=96&d=mm&r=g\",\"url\":\"https:\\\/\\\/secure.gravatar.com\\\/avatar\\\/584677b848a6e52ad00126109eed0d2d0d9da5d7b69924fce36b2d0d28f19c2c?s=96&d=mm&r=g\",\"contentUrl\":\"https:\\\/\\\/secure.gravatar.com\\\/avatar\\\/584677b848a6e52ad00126109eed0d2d0d9da5d7b69924fce36b2d0d28f19c2c?s=96&d=mm&r=g\",\"caption\":\"lutetia789\"},\"logo\":{\"@id\":\"https:\\\/\\\/secure.gravatar.com\\\/avatar\\\/584677b848a6e52ad00126109eed0d2d0d9da5d7b69924fce36b2d0d28f19c2c?s=96&d=mm&r=g\"},\"sameAs\":[\"http:\\\/\\\/hexagon-pariz.com\\\/\"]}]}<\/script>\n<!-- \/ Yoast SEO plugin. -->","yoast_head_json":{"title":"Newsletter - Heksagon Pariz - Znamenitosti Pariza in Francije","description":"Opis znamenitosti, obiski Pariza in sprehod po Franciji. Prejemajte obvestila o novi vsebini po elektronski po\u0161ti.","robots":{"index":"index","follow":"follow","max-snippet":"max-snippet:-1","max-image-preview":"max-image-preview:large","max-video-preview":"max-video-preview:-1"},"canonical":"https:\/\/hexagon-pariz.com\/?page_id=1874","og_locale":"sl_SI","og_type":"article","og_title":"Newsletter - Heksagon Pariz - Znamenitosti Pariza in Francije","og_description":"Opis znamenitosti, obiski Pariza in sprehod po Franciji. Prejemajte obvestila o novi vsebini po elektronski po\u0161ti.","og_url":"https:\/\/hexagon-pariz.com\/?page_id=1874","og_site_name":"Heksagon Pariz","article_modified_time":"2023-02-18T12:35:34+00:00","twitter_card":"summary_large_image","twitter_misc":{"Est. reading time":"1 minuta"},"schema":{"@context":"https:\/\/schema.org","@graph":[{"@type":"WebPage","@id":"https:\/\/hexagon-pariz.com\/?page_id=1874","url":"https:\/\/hexagon-pariz.com\/?page_id=1874","name":"Newsletter - Heksagon Pariz - Znamenitosti Pariza in Francije","isPartOf":{"@id":"https:\/\/hexagon-pariz.com\/#website"},"datePublished":"2020-10-03T00:46:38+00:00","dateModified":"2023-02-18T12:35:34+00:00","description":"Opis znamenitosti, obiski Pariza in sprehod po Franciji. Prejemajte obvestila o novi vsebini po elektronski po\u0161ti.","breadcrumb":{"@id":"https:\/\/hexagon-pariz.com\/?page_id=1874#breadcrumb"},"inLanguage":"sl-SI","potentialAction":[{"@type":"ReadAction","target":["https:\/\/hexagon-pariz.com\/?page_id=1874"]}]},{"@type":"BreadcrumbList","@id":"https:\/\/hexagon-pariz.com\/?page_id=1874#breadcrumb","itemListElement":[{"@type":"ListItem","position":1,"name":"Home","item":"https:\/\/hexagon-pariz.com\/"},{"@type":"ListItem","position":2,"name":"Newsletter"}]},{"@type":"WebSite","@id":"https:\/\/hexagon-pariz.com\/#website","url":"https:\/\/hexagon-pariz.com\/","name":"Heksagon-znamenitosti Pariza in Francije","description":"Ogledi Pariza, njegove okolice in celotne Francije.","publisher":{"@id":"https:\/\/hexagon-pariz.com\/#\/schema\/person\/f785d518178deb3571461c3d81e74981"},"potentialAction":[{"@type":"SearchAction","target":{"@type":"EntryPoint","urlTemplate":"https:\/\/hexagon-pariz.com\/?s={search_term_string}"},"query-input":{"@type":"PropertyValueSpecification","valueRequired":true,"valueName":"search_term_string"}}],"inLanguage":"sl-SI"},{"@type":["Person","Organization"],"@id":"https:\/\/hexagon-pariz.com\/#\/schema\/person\/f785d518178deb3571461c3d81e74981","name":"lutetia789","image":{"@type":"ImageObject","inLanguage":"sl-SI","@id":"https:\/\/secure.gravatar.com\/avatar\/584677b848a6e52ad00126109eed0d2d0d9da5d7b69924fce36b2d0d28f19c2c?s=96&d=mm&r=g","url":"https:\/\/secure.gravatar.com\/avatar\/584677b848a6e52ad00126109eed0d2d0d9da5d7b69924fce36b2d0d28f19c2c?s=96&d=mm&r=g","contentUrl":"https:\/\/secure.gravatar.com\/avatar\/584677b848a6e52ad00126109eed0d2d0d9da5d7b69924fce36b2d0d28f19c2c?s=96&d=mm&r=g","caption":"lutetia789"},"logo":{"@id":"https:\/\/secure.gravatar.com\/avatar\/584677b848a6e52ad00126109eed0d2d0d9da5d7b69924fce36b2d0d28f19c2c?s=96&d=mm&r=g"},"sameAs":["http:\/\/hexagon-pariz.com\/"]}]}},"jetpack_sharing_enabled":true,"_links":{"self":[{"href":"https:\/\/hexagon-pariz.com\/index.php?rest_route=\/wp\/v2\/pages\/1874","targetHints":{"allow":["GET"]}}],"collection":[{"href":"https:\/\/hexagon-pariz.com\/index.php?rest_route=\/wp\/v2\/pages"}],"about":[{"href":"https:\/\/hexagon-pariz.com\/index.php?rest_route=\/wp\/v2\/types\/page"}],"author":[{"embeddable":true,"href":"https:\/\/hexagon-pariz.com\/index.php?rest_route=\/wp\/v2\/users\/1"}],"replies":[{"embeddable":true,"href":"https:\/\/hexagon-pariz.com\/index.php?rest_route=%2Fwp%2Fv2%2Fcomments&post=1874"}],"version-history":[{"count":3,"href":"https:\/\/hexagon-pariz.com\/index.php?rest_route=\/wp\/v2\/pages\/1874\/revisions"}],"predecessor-version":[{"id":5203,"href":"https:\/\/hexagon-pariz.com\/index.php?rest_route=\/wp\/v2\/pages\/1874\/revisions\/5203"}],"wp:attachment":[{"href":"https:\/\/hexagon-pariz.com\/index.php?rest_route=%2Fwp%2Fv2%2Fmedia&parent=1874"}],"curies":[{"name":"wp","href":"https:\/\/api.w.org\/{rel}","templated":true}]}}