{"id":1531,"date":"2017-11-18T21:13:56","date_gmt":"2017-11-18T21:13:56","guid":{"rendered":"https:\/\/yvetteparis388177088.wordpress.com\/?page_id=2"},"modified":"2021-01-23T21:38:40","modified_gmt":"2021-01-23T19:38:40","slug":"o-blogu-heksagon-pariz-znamenitosti-ogledi-pariza-francije","status":"publish","type":"page","link":"https:\/\/hexagon-pariz.com\/?page_id=1531","title":{"rendered":"O blogu Heksagon-Pariz"},"content":{"rendered":"\n<p>O blogu Heksagon-Pariz. Vsebina bloga so opisi in ogledi znamenitosti Pariza z njegovo okolico, kot tudi opisi z obiskov krajev po Franciji.<\/p>\n\n\n\n<p>Sprehodi in ogledi po moji novi okolici.<\/p>\n\n\n\n<p>Opisi ogledov znamenitosti Pariza in njegove okolie s komentarji. Poleg samega obiska je moj cilj poglobiti poznavanje o krajih.<\/p>\n\n\n\n<p>\u017delim si odkriti vse znamenitosti Pariza in regije Ile-de-France oz. okolice Pariza in \u010dimbolj raziskati celo Francijo.<\/p>\n\n\n\n<p>Heksagon kot Francozi imenujejo svojo dr\u017eavo zaradi njene \u0161estkotne oblike.<\/p>\n\n\n\n<div class=\"wp-block-image\"><figure class=\"aligncenter is-resized\"><img loading=\"lazy\" decoding=\"async\" src=\"https:\/\/upload.wikimedia.org\/wikipedia\/commons\/c\/cc\/France-hexagon.svg\" alt=\"O blogu Heksagon-Pariz\" width=\"650\" height=\"657\"\/><figcaption>Francija kot Heksagon ali \u0161estkotnik.<\/figcaption><\/figure><\/div>\n\n\n\n<p>Glede na to, da sta moji novi te\u017ei\u0161\u010di malo mestece Rambouillet in v Parizu \u010detrt La D\u00e9fense, bo ve\u010dina prispevkov, vsaj na za\u010detku, vezana na ta dva kraja.<\/p>\n\n\n\n<p>\u017delim vam prijetno branje in se veselim va\u0161ih komentarjev. <\/p>\n\n\n\n<p>Vabljeni, da se prijavite na novice in se vedno znova vra\u010date.<\/p>\n\n\n\n<p>Dodajte povezavo<a href=\"https:\/\/hexagon-pariz.com\/\" target=\"_blank\" rel=\"noreferrer noopener\"> https:\/\/hexagon-pariz.com\/<\/a> med va\u0161e zaznamke in naro\u010dite se na obvestila.<\/p>\n\n\n\n<p>O blogu Heksagon-Pariz.<\/p>\n","protected":false},"excerpt":{"rendered":"<p>O blogu Heksagon-Pariz. Vsebina bloga so opisi in ogledi znamenitosti Pariza z njegovo okolico, kot tudi opisi z obiskov krajev<\/p>\n","protected":false},"author":1,"featured_media":0,"parent":0,"menu_order":2,"comment_status":"closed","ping_status":"closed","template":"","meta":{"nf_dc_page":"","_editorskit_title_hidden":false,"_editorskit_reading_time":0,"_editorskit_is_block_options_detached":false,"_editorskit_block_options_position":"{}","_coblocks_attr":"","_coblocks_dimensions":"","_coblocks_responsive_height":"","_coblocks_accordion_ie_support":"","_monsterinsights_skip_tracking":false,"_monsterinsights_sitenote_active":false,"_monsterinsights_sitenote_note":"","_monsterinsights_sitenote_category":0,"footnotes":""},"class_list":["post-1531","page","type-page","status-publish","hentry"],"yoast_head":"<!-- This site is optimized with the Yoast SEO plugin v27.4 - https:\/\/yoast.com\/product\/yoast-seo-wordpress\/ -->\n<title>O blogu Heksagon-Pariz - znamenitosti in ogledi Pariza in Francije<\/title>\n<meta name=\"description\" content=\"O blogu Heksagon-Pariz. Vsebina bloga so opisi in ogledi znamenitosti Pariza z njegovo okolico, kot tudi opisi z obiskov krajev po Franciji.\" \/>\n<meta name=\"robots\" content=\"index, follow, max-snippet:-1, max-image-preview:large, max-video-preview:-1\" \/>\n<link rel=\"canonical\" href=\"https:\/\/hexagon-pariz.com\/?page_id=1531\" \/>\n<meta property=\"og:locale\" content=\"sl_SI\" \/>\n<meta property=\"og:type\" content=\"article\" \/>\n<meta property=\"og:title\" content=\"O blogu Heksagon-Pariz - znamenitosti in ogledi Pariza in Francije\" \/>\n<meta property=\"og:description\" content=\"O blogu Heksagon-Pariz. Vsebina bloga so opisi in ogledi znamenitosti Pariza z njegovo okolico, kot tudi opisi z obiskov krajev po Franciji.\" \/>\n<meta property=\"og:url\" content=\"https:\/\/hexagon-pariz.com\/?page_id=1531\" \/>\n<meta property=\"og:site_name\" content=\"Heksagon Pariz\" \/>\n<meta property=\"article:modified_time\" content=\"2021-01-23T19:38:40+00:00\" \/>\n<meta property=\"og:image\" content=\"https:\/\/upload.wikimedia.org\/wikipedia\/commons\/c\/cc\/France-hexagon.svg\" \/>\n<meta name=\"twitter:card\" content=\"summary_large_image\" \/>\n<meta name=\"twitter:label1\" content=\"Est. reading time\" \/>\n\t<meta name=\"twitter:data1\" content=\"1 minuta\" \/>\n<script type=\"application\/ld+json\" class=\"yoast-schema-graph\">{\"@context\":\"https:\\\/\\\/schema.org\",\"@graph\":[{\"@type\":\"WebPage\",\"@id\":\"https:\\\/\\\/hexagon-pariz.com\\\/?page_id=1531\",\"url\":\"https:\\\/\\\/hexagon-pariz.com\\\/?page_id=1531\",\"name\":\"O blogu Heksagon-Pariz - znamenitosti in ogledi Pariza in Francije\",\"isPartOf\":{\"@id\":\"https:\\\/\\\/hexagon-pariz.com\\\/#website\"},\"primaryImageOfPage\":{\"@id\":\"https:\\\/\\\/hexagon-pariz.com\\\/?page_id=1531#primaryimage\"},\"image\":{\"@id\":\"https:\\\/\\\/hexagon-pariz.com\\\/?page_id=1531#primaryimage\"},\"thumbnailUrl\":\"https:\\\/\\\/upload.wikimedia.org\\\/wikipedia\\\/commons\\\/c\\\/cc\\\/France-hexagon.svg\",\"datePublished\":\"2017-11-18T21:13:56+00:00\",\"dateModified\":\"2021-01-23T19:38:40+00:00\",\"description\":\"O blogu Heksagon-Pariz. Vsebina bloga so opisi in ogledi znamenitosti Pariza z njegovo okolico, kot tudi opisi z obiskov krajev po Franciji.\",\"breadcrumb\":{\"@id\":\"https:\\\/\\\/hexagon-pariz.com\\\/?page_id=1531#breadcrumb\"},\"inLanguage\":\"sl-SI\",\"potentialAction\":[{\"@type\":\"ReadAction\",\"target\":[\"https:\\\/\\\/hexagon-pariz.com\\\/?page_id=1531\"]}]},{\"@type\":\"ImageObject\",\"inLanguage\":\"sl-SI\",\"@id\":\"https:\\\/\\\/hexagon-pariz.com\\\/?page_id=1531#primaryimage\",\"url\":\"https:\\\/\\\/upload.wikimedia.org\\\/wikipedia\\\/commons\\\/c\\\/cc\\\/France-hexagon.svg\",\"contentUrl\":\"https:\\\/\\\/upload.wikimedia.org\\\/wikipedia\\\/commons\\\/c\\\/cc\\\/France-hexagon.svg\"},{\"@type\":\"BreadcrumbList\",\"@id\":\"https:\\\/\\\/hexagon-pariz.com\\\/?page_id=1531#breadcrumb\",\"itemListElement\":[{\"@type\":\"ListItem\",\"position\":1,\"name\":\"Home\",\"item\":\"https:\\\/\\\/hexagon-pariz.com\\\/\"},{\"@type\":\"ListItem\",\"position\":2,\"name\":\"O blogu Heksagon-Pariz\"}]},{\"@type\":\"WebSite\",\"@id\":\"https:\\\/\\\/hexagon-pariz.com\\\/#website\",\"url\":\"https:\\\/\\\/hexagon-pariz.com\\\/\",\"name\":\"Heksagon-znamenitosti Pariza in Francije\",\"description\":\"Ogledi Pariza, njegove okolice in celotne Francije.\",\"publisher\":{\"@id\":\"https:\\\/\\\/hexagon-pariz.com\\\/#\\\/schema\\\/person\\\/f785d518178deb3571461c3d81e74981\"},\"potentialAction\":[{\"@type\":\"SearchAction\",\"target\":{\"@type\":\"EntryPoint\",\"urlTemplate\":\"https:\\\/\\\/hexagon-pariz.com\\\/?s={search_term_string}\"},\"query-input\":{\"@type\":\"PropertyValueSpecification\",\"valueRequired\":true,\"valueName\":\"search_term_string\"}}],\"inLanguage\":\"sl-SI\"},{\"@type\":[\"Person\",\"Organization\"],\"@id\":\"https:\\\/\\\/hexagon-pariz.com\\\/#\\\/schema\\\/person\\\/f785d518178deb3571461c3d81e74981\",\"name\":\"lutetia789\",\"image\":{\"@type\":\"ImageObject\",\"inLanguage\":\"sl-SI\",\"@id\":\"https:\\\/\\\/secure.gravatar.com\\\/avatar\\\/584677b848a6e52ad00126109eed0d2d0d9da5d7b69924fce36b2d0d28f19c2c?s=96&d=mm&r=g\",\"url\":\"https:\\\/\\\/secure.gravatar.com\\\/avatar\\\/584677b848a6e52ad00126109eed0d2d0d9da5d7b69924fce36b2d0d28f19c2c?s=96&d=mm&r=g\",\"contentUrl\":\"https:\\\/\\\/secure.gravatar.com\\\/avatar\\\/584677b848a6e52ad00126109eed0d2d0d9da5d7b69924fce36b2d0d28f19c2c?s=96&d=mm&r=g\",\"caption\":\"lutetia789\"},\"logo\":{\"@id\":\"https:\\\/\\\/secure.gravatar.com\\\/avatar\\\/584677b848a6e52ad00126109eed0d2d0d9da5d7b69924fce36b2d0d28f19c2c?s=96&d=mm&r=g\"},\"sameAs\":[\"http:\\\/\\\/hexagon-pariz.com\\\/\"]}]}<\/script>\n<!-- \/ Yoast SEO plugin. -->","yoast_head_json":{"title":"O blogu Heksagon-Pariz - znamenitosti in ogledi Pariza in Francije","description":"O blogu Heksagon-Pariz. Vsebina bloga so opisi in ogledi znamenitosti Pariza z njegovo okolico, kot tudi opisi z obiskov krajev po Franciji.","robots":{"index":"index","follow":"follow","max-snippet":"max-snippet:-1","max-image-preview":"max-image-preview:large","max-video-preview":"max-video-preview:-1"},"canonical":"https:\/\/hexagon-pariz.com\/?page_id=1531","og_locale":"sl_SI","og_type":"article","og_title":"O blogu Heksagon-Pariz - znamenitosti in ogledi Pariza in Francije","og_description":"O blogu Heksagon-Pariz. Vsebina bloga so opisi in ogledi znamenitosti Pariza z njegovo okolico, kot tudi opisi z obiskov krajev po Franciji.","og_url":"https:\/\/hexagon-pariz.com\/?page_id=1531","og_site_name":"Heksagon Pariz","article_modified_time":"2021-01-23T19:38:40+00:00","og_image":[{"url":"https:\/\/upload.wikimedia.org\/wikipedia\/commons\/c\/cc\/France-hexagon.svg","type":"","width":"","height":""}],"twitter_card":"summary_large_image","twitter_misc":{"Est. reading time":"1 minuta"},"schema":{"@context":"https:\/\/schema.org","@graph":[{"@type":"WebPage","@id":"https:\/\/hexagon-pariz.com\/?page_id=1531","url":"https:\/\/hexagon-pariz.com\/?page_id=1531","name":"O blogu Heksagon-Pariz - znamenitosti in ogledi Pariza in Francije","isPartOf":{"@id":"https:\/\/hexagon-pariz.com\/#website"},"primaryImageOfPage":{"@id":"https:\/\/hexagon-pariz.com\/?page_id=1531#primaryimage"},"image":{"@id":"https:\/\/hexagon-pariz.com\/?page_id=1531#primaryimage"},"thumbnailUrl":"https:\/\/upload.wikimedia.org\/wikipedia\/commons\/c\/cc\/France-hexagon.svg","datePublished":"2017-11-18T21:13:56+00:00","dateModified":"2021-01-23T19:38:40+00:00","description":"O blogu Heksagon-Pariz. Vsebina bloga so opisi in ogledi znamenitosti Pariza z njegovo okolico, kot tudi opisi z obiskov krajev po Franciji.","breadcrumb":{"@id":"https:\/\/hexagon-pariz.com\/?page_id=1531#breadcrumb"},"inLanguage":"sl-SI","potentialAction":[{"@type":"ReadAction","target":["https:\/\/hexagon-pariz.com\/?page_id=1531"]}]},{"@type":"ImageObject","inLanguage":"sl-SI","@id":"https:\/\/hexagon-pariz.com\/?page_id=1531#primaryimage","url":"https:\/\/upload.wikimedia.org\/wikipedia\/commons\/c\/cc\/France-hexagon.svg","contentUrl":"https:\/\/upload.wikimedia.org\/wikipedia\/commons\/c\/cc\/France-hexagon.svg"},{"@type":"BreadcrumbList","@id":"https:\/\/hexagon-pariz.com\/?page_id=1531#breadcrumb","itemListElement":[{"@type":"ListItem","position":1,"name":"Home","item":"https:\/\/hexagon-pariz.com\/"},{"@type":"ListItem","position":2,"name":"O blogu Heksagon-Pariz"}]},{"@type":"WebSite","@id":"https:\/\/hexagon-pariz.com\/#website","url":"https:\/\/hexagon-pariz.com\/","name":"Heksagon-znamenitosti Pariza in Francije","description":"Ogledi Pariza, njegove okolice in celotne Francije.","publisher":{"@id":"https:\/\/hexagon-pariz.com\/#\/schema\/person\/f785d518178deb3571461c3d81e74981"},"potentialAction":[{"@type":"SearchAction","target":{"@type":"EntryPoint","urlTemplate":"https:\/\/hexagon-pariz.com\/?s={search_term_string}"},"query-input":{"@type":"PropertyValueSpecification","valueRequired":true,"valueName":"search_term_string"}}],"inLanguage":"sl-SI"},{"@type":["Person","Organization"],"@id":"https:\/\/hexagon-pariz.com\/#\/schema\/person\/f785d518178deb3571461c3d81e74981","name":"lutetia789","image":{"@type":"ImageObject","inLanguage":"sl-SI","@id":"https:\/\/secure.gravatar.com\/avatar\/584677b848a6e52ad00126109eed0d2d0d9da5d7b69924fce36b2d0d28f19c2c?s=96&d=mm&r=g","url":"https:\/\/secure.gravatar.com\/avatar\/584677b848a6e52ad00126109eed0d2d0d9da5d7b69924fce36b2d0d28f19c2c?s=96&d=mm&r=g","contentUrl":"https:\/\/secure.gravatar.com\/avatar\/584677b848a6e52ad00126109eed0d2d0d9da5d7b69924fce36b2d0d28f19c2c?s=96&d=mm&r=g","caption":"lutetia789"},"logo":{"@id":"https:\/\/secure.gravatar.com\/avatar\/584677b848a6e52ad00126109eed0d2d0d9da5d7b69924fce36b2d0d28f19c2c?s=96&d=mm&r=g"},"sameAs":["http:\/\/hexagon-pariz.com\/"]}]}},"jetpack_sharing_enabled":false,"_links":{"self":[{"href":"https:\/\/hexagon-pariz.com\/index.php?rest_route=\/wp\/v2\/pages\/1531","targetHints":{"allow":["GET"]}}],"collection":[{"href":"https:\/\/hexagon-pariz.com\/index.php?rest_route=\/wp\/v2\/pages"}],"about":[{"href":"https:\/\/hexagon-pariz.com\/index.php?rest_route=\/wp\/v2\/types\/page"}],"author":[{"embeddable":true,"href":"https:\/\/hexagon-pariz.com\/index.php?rest_route=\/wp\/v2\/users\/1"}],"replies":[{"embeddable":true,"href":"https:\/\/hexagon-pariz.com\/index.php?rest_route=%2Fwp%2Fv2%2Fcomments&post=1531"}],"version-history":[{"count":5,"href":"https:\/\/hexagon-pariz.com\/index.php?rest_route=\/wp\/v2\/pages\/1531\/revisions"}],"predecessor-version":[{"id":2884,"href":"https:\/\/hexagon-pariz.com\/index.php?rest_route=\/wp\/v2\/pages\/1531\/revisions\/2884"}],"wp:attachment":[{"href":"https:\/\/hexagon-pariz.com\/index.php?rest_route=%2Fwp%2Fv2%2Fmedia&parent=1531"}],"curies":[{"name":"wp","href":"https:\/\/api.w.org\/{rel}","templated":true}]}}